{"id":393,"date":"2023-03-20T15:19:08","date_gmt":"2023-03-20T14:19:08","guid":{"rendered":"https:\/\/www.galerie-inna-khimich.com\/?post_type=product&#038;p=393"},"modified":"2024-08-14T00:49:17","modified_gmt":"2024-08-13T22:49:17","slug":"lointain-au-puy-de-dome","status":"publish","type":"product","link":"https:\/\/www.galerie-inna-khimich.com\/en\/produit\/lointain-au-puy-de-dome\/","title":{"rendered":"Calme\u0301jane Yves &#8211; Lointain au Puy de D\u00f4me"},"content":{"rendered":"<div class=\"ewa-rteLine\">Huile sur toile, format F15 (65 x 54 cm.) Auvergne 18 avril 2018<\/div>\n","protected":false},"excerpt":{"rendered":"<p>Huile sur toile, format F15 (65 x 54 cm.) Auvergne 18 avril 2018<\/p>\n","protected":false},"featured_media":394,"comment_status":"closed","ping_status":"closed","template":"","meta":{"_acf_changed":false,"_et_pb_use_builder":"","_et_pb_old_content":"","_et_gb_content_width":""},"product_brand":[],"product_cat":[29,33],"product_tag":[],"class_list":{"0":"post-393","1":"product","2":"type-product","3":"status-publish","4":"has-post-thumbnail","6":"product_cat-artistes-yves-calmejane","7":"product_cat-peinture","9":"first","10":"instock","11":"taxable","12":"shipping-taxable","13":"purchasable","14":"product-type-simple"},"acf":[],"yoast_head":"<!-- This site is optimized with the Yoast SEO plugin v24.5 - https:\/\/yoast.com\/wordpress\/plugins\/seo\/ -->\n<title>Calme\u0301jane Yves - Lointain au Puy de D\u00f4me - Galerie Inna Khimich.<\/title>\n<meta name=\"description\" content=\"D\u00e9couvrez le tableau d&#039;Yves Calm\u00e9jane &quot;Lointain au Puy de D\u00f4me&quot; dans la galerie d&#039;Art \u00e0 Toulon Inna Khimich. Art figuratif, art abstrait, art contemporain.\" \/>\n<meta name=\"robots\" content=\"index, follow, max-snippet:-1, max-image-preview:large, max-video-preview:-1\" \/>\n<link rel=\"canonical\" href=\"https:\/\/www.galerie-inna-khimich.com\/en\/produit\/lointain-au-puy-de-dome\/\" \/>\n<meta property=\"og:locale\" content=\"en_US\" \/>\n<meta property=\"og:type\" content=\"article\" \/>\n<meta property=\"og:title\" content=\"Calme\u0301jane Yves - Lointain au Puy de D\u00f4me - Galerie Inna Khimich.\" \/>\n<meta property=\"og:description\" content=\"D\u00e9couvrez le tableau d&#039;Yves Calm\u00e9jane &quot;Lointain au Puy de D\u00f4me&quot; dans la galerie d&#039;Art \u00e0 Toulon Inna Khimich. Art figuratif, art abstrait, art contemporain.\" \/>\n<meta property=\"og:site_name\" content=\"Galerie Inna Khimich.\" \/>\n<meta property=\"article:publisher\" content=\"https:\/\/www.facebook.com\/people\/Galerie-Inna-Khimich\/100063467802915\/\" \/>\n<meta property=\"article:modified_time\" content=\"2024-08-13T22:49:17+00:00\" \/>\n<meta property=\"og:image\" content=\"https:\/\/www.galerie-inna-khimich.com\/wp-content\/uploads\/2023\/03\/Calmejane-Yves-Lointain-au-Puy-de-Dome.jpg\" \/>\n\t<meta property=\"og:image:width\" content=\"2048\" \/>\n\t<meta property=\"og:image:height\" content=\"1737\" \/>\n\t<meta property=\"og:image:type\" content=\"image\/jpeg\" \/>\n<meta name=\"twitter:card\" content=\"summary_large_image\" \/>\n<meta name=\"twitter:label1\" content=\"Est. reading time\" \/>\n\t<meta name=\"twitter:data1\" content=\"1 minute\" \/>\n<script type=\"application\/ld+json\" class=\"yoast-schema-graph\">{\"@context\":\"https:\/\/schema.org\",\"@graph\":[{\"@type\":\"WebPage\",\"@id\":\"https:\/\/www.galerie-inna-khimich.com\/en\/produit\/lointain-au-puy-de-dome\/\",\"url\":\"https:\/\/www.galerie-inna-khimich.com\/en\/produit\/lointain-au-puy-de-dome\/\",\"name\":\"Calme\u0301jane Yves - Lointain au Puy de D\u00f4me - Galerie Inna Khimich.\",\"isPartOf\":{\"@id\":\"https:\/\/www.galerie-inna-khimich.com\/en\/#website\"},\"primaryImageOfPage\":{\"@id\":\"https:\/\/www.galerie-inna-khimich.com\/en\/produit\/lointain-au-puy-de-dome\/#primaryimage\"},\"image\":{\"@id\":\"https:\/\/www.galerie-inna-khimich.com\/en\/produit\/lointain-au-puy-de-dome\/#primaryimage\"},\"thumbnailUrl\":\"https:\/\/www.galerie-inna-khimich.com\/wp-content\/uploads\/2023\/03\/Calmejane-Yves-Lointain-au-Puy-de-Dome.jpg\",\"datePublished\":\"2023-03-20T14:19:08+00:00\",\"dateModified\":\"2024-08-13T22:49:17+00:00\",\"description\":\"D\u00e9couvrez le tableau d'Yves Calm\u00e9jane \\\"Lointain au Puy de D\u00f4me\\\" dans la galerie d'Art \u00e0 Toulon Inna Khimich. Art figuratif, art abstrait, art contemporain.\",\"breadcrumb\":{\"@id\":\"https:\/\/www.galerie-inna-khimich.com\/en\/produit\/lointain-au-puy-de-dome\/#breadcrumb\"},\"inLanguage\":\"en-US\",\"potentialAction\":[{\"@type\":\"ReadAction\",\"target\":[\"https:\/\/www.galerie-inna-khimich.com\/en\/produit\/lointain-au-puy-de-dome\/\"]}]},{\"@type\":\"ImageObject\",\"inLanguage\":\"en-US\",\"@id\":\"https:\/\/www.galerie-inna-khimich.com\/en\/produit\/lointain-au-puy-de-dome\/#primaryimage\",\"url\":\"https:\/\/www.galerie-inna-khimich.com\/wp-content\/uploads\/2023\/03\/Calmejane-Yves-Lointain-au-Puy-de-Dome.jpg\",\"contentUrl\":\"https:\/\/www.galerie-inna-khimich.com\/wp-content\/uploads\/2023\/03\/Calmejane-Yves-Lointain-au-Puy-de-Dome.jpg\",\"width\":2048,\"height\":1737},{\"@type\":\"BreadcrumbList\",\"@id\":\"https:\/\/www.galerie-inna-khimich.com\/en\/produit\/lointain-au-puy-de-dome\/#breadcrumb\",\"itemListElement\":[{\"@type\":\"ListItem\",\"position\":1,\"name\":\"Accueil\",\"item\":\"https:\/\/www.galerie-inna-khimich.com\/en\/\"},{\"@type\":\"ListItem\",\"position\":2,\"name\":\"Shop \/ Artists\",\"item\":\"https:\/\/www.galerie-inna-khimich.com\/en\/shop\/\"},{\"@type\":\"ListItem\",\"position\":3,\"name\":\"Calme\u0301jane Yves &#8211; Lointain au Puy de D\u00f4me\"}]},{\"@type\":\"WebSite\",\"@id\":\"https:\/\/www.galerie-inna-khimich.com\/en\/#website\",\"url\":\"https:\/\/www.galerie-inna-khimich.com\/en\/\",\"name\":\"Galerie Inna Khimich.\",\"description\":\"Galerie d\u2019Art Contemporaine\",\"publisher\":{\"@id\":\"https:\/\/www.galerie-inna-khimich.com\/en\/#organization\"},\"potentialAction\":[{\"@type\":\"SearchAction\",\"target\":{\"@type\":\"EntryPoint\",\"urlTemplate\":\"https:\/\/www.galerie-inna-khimich.com\/en\/?s={search_term_string}\"},\"query-input\":{\"@type\":\"PropertyValueSpecification\",\"valueRequired\":true,\"valueName\":\"search_term_string\"}}],\"inLanguage\":\"en-US\"},{\"@type\":\"Organization\",\"@id\":\"https:\/\/www.galerie-inna-khimich.com\/en\/#organization\",\"name\":\"Galerie Inna Khimich.\",\"url\":\"https:\/\/www.galerie-inna-khimich.com\/en\/\",\"logo\":{\"@type\":\"ImageObject\",\"inLanguage\":\"en-US\",\"@id\":\"https:\/\/www.galerie-inna-khimich.com\/en\/#\/schema\/logo\/image\/\",\"url\":\"https:\/\/www.galerie-inna-khimich.com\/wp-content\/uploads\/2023\/03\/Logo-gallerie-inna-khimich.png\",\"contentUrl\":\"https:\/\/www.galerie-inna-khimich.com\/wp-content\/uploads\/2023\/03\/Logo-gallerie-inna-khimich.png\",\"width\":512,\"height\":196,\"caption\":\"Galerie Inna Khimich.\"},\"image\":{\"@id\":\"https:\/\/www.galerie-inna-khimich.com\/en\/#\/schema\/logo\/image\/\"},\"sameAs\":[\"https:\/\/www.facebook.com\/people\/Galerie-Inna-Khimich\/100063467802915\/\",\"https:\/\/www.instagram.com\/galerie_inna_khimich\"]}]}<\/script>\n<!-- \/ Yoast SEO plugin. -->","yoast_head_json":{"title":"Calme\u0301jane Yves - Lointain au Puy de D\u00f4me - Galerie Inna Khimich.","description":"D\u00e9couvrez le tableau d'Yves Calm\u00e9jane \"Lointain au Puy de D\u00f4me\" dans la galerie d'Art \u00e0 Toulon Inna Khimich. Art figuratif, art abstrait, art contemporain.","robots":{"index":"index","follow":"follow","max-snippet":"max-snippet:-1","max-image-preview":"max-image-preview:large","max-video-preview":"max-video-preview:-1"},"canonical":"https:\/\/www.galerie-inna-khimich.com\/en\/produit\/lointain-au-puy-de-dome\/","og_locale":"en_US","og_type":"article","og_title":"Calme\u0301jane Yves - Lointain au Puy de D\u00f4me - Galerie Inna Khimich.","og_description":"D\u00e9couvrez le tableau d'Yves Calm\u00e9jane \"Lointain au Puy de D\u00f4me\" dans la galerie d'Art \u00e0 Toulon Inna Khimich. Art figuratif, art abstrait, art contemporain.","og_site_name":"Galerie Inna Khimich.","article_publisher":"https:\/\/www.facebook.com\/people\/Galerie-Inna-Khimich\/100063467802915\/","article_modified_time":"2024-08-13T22:49:17+00:00","og_image":[{"width":2048,"height":1737,"url":"https:\/\/www.galerie-inna-khimich.com\/wp-content\/uploads\/2023\/03\/Calmejane-Yves-Lointain-au-Puy-de-Dome.jpg","type":"image\/jpeg"}],"twitter_card":"summary_large_image","twitter_misc":{"Est. reading time":"1 minute"},"schema":{"@context":"https:\/\/schema.org","@graph":[{"@type":"WebPage","@id":"https:\/\/www.galerie-inna-khimich.com\/en\/produit\/lointain-au-puy-de-dome\/","url":"https:\/\/www.galerie-inna-khimich.com\/en\/produit\/lointain-au-puy-de-dome\/","name":"Calme\u0301jane Yves - Lointain au Puy de D\u00f4me - Galerie Inna Khimich.","isPartOf":{"@id":"https:\/\/www.galerie-inna-khimich.com\/en\/#website"},"primaryImageOfPage":{"@id":"https:\/\/www.galerie-inna-khimich.com\/en\/produit\/lointain-au-puy-de-dome\/#primaryimage"},"image":{"@id":"https:\/\/www.galerie-inna-khimich.com\/en\/produit\/lointain-au-puy-de-dome\/#primaryimage"},"thumbnailUrl":"https:\/\/www.galerie-inna-khimich.com\/wp-content\/uploads\/2023\/03\/Calmejane-Yves-Lointain-au-Puy-de-Dome.jpg","datePublished":"2023-03-20T14:19:08+00:00","dateModified":"2024-08-13T22:49:17+00:00","description":"D\u00e9couvrez le tableau d'Yves Calm\u00e9jane \"Lointain au Puy de D\u00f4me\" dans la galerie d'Art \u00e0 Toulon Inna Khimich. Art figuratif, art abstrait, art contemporain.","breadcrumb":{"@id":"https:\/\/www.galerie-inna-khimich.com\/en\/produit\/lointain-au-puy-de-dome\/#breadcrumb"},"inLanguage":"en-US","potentialAction":[{"@type":"ReadAction","target":["https:\/\/www.galerie-inna-khimich.com\/en\/produit\/lointain-au-puy-de-dome\/"]}]},{"@type":"ImageObject","inLanguage":"en-US","@id":"https:\/\/www.galerie-inna-khimich.com\/en\/produit\/lointain-au-puy-de-dome\/#primaryimage","url":"https:\/\/www.galerie-inna-khimich.com\/wp-content\/uploads\/2023\/03\/Calmejane-Yves-Lointain-au-Puy-de-Dome.jpg","contentUrl":"https:\/\/www.galerie-inna-khimich.com\/wp-content\/uploads\/2023\/03\/Calmejane-Yves-Lointain-au-Puy-de-Dome.jpg","width":2048,"height":1737},{"@type":"BreadcrumbList","@id":"https:\/\/www.galerie-inna-khimich.com\/en\/produit\/lointain-au-puy-de-dome\/#breadcrumb","itemListElement":[{"@type":"ListItem","position":1,"name":"Accueil","item":"https:\/\/www.galerie-inna-khimich.com\/en\/"},{"@type":"ListItem","position":2,"name":"Shop \/ Artists","item":"https:\/\/www.galerie-inna-khimich.com\/en\/shop\/"},{"@type":"ListItem","position":3,"name":"Calme\u0301jane Yves &#8211; Lointain au Puy de D\u00f4me"}]},{"@type":"WebSite","@id":"https:\/\/www.galerie-inna-khimich.com\/en\/#website","url":"https:\/\/www.galerie-inna-khimich.com\/en\/","name":"Galerie Inna Khimich.","description":"Galerie d\u2019Art Contemporaine","publisher":{"@id":"https:\/\/www.galerie-inna-khimich.com\/en\/#organization"},"potentialAction":[{"@type":"SearchAction","target":{"@type":"EntryPoint","urlTemplate":"https:\/\/www.galerie-inna-khimich.com\/en\/?s={search_term_string}"},"query-input":{"@type":"PropertyValueSpecification","valueRequired":true,"valueName":"search_term_string"}}],"inLanguage":"en-US"},{"@type":"Organization","@id":"https:\/\/www.galerie-inna-khimich.com\/en\/#organization","name":"Galerie Inna Khimich.","url":"https:\/\/www.galerie-inna-khimich.com\/en\/","logo":{"@type":"ImageObject","inLanguage":"en-US","@id":"https:\/\/www.galerie-inna-khimich.com\/en\/#\/schema\/logo\/image\/","url":"https:\/\/www.galerie-inna-khimich.com\/wp-content\/uploads\/2023\/03\/Logo-gallerie-inna-khimich.png","contentUrl":"https:\/\/www.galerie-inna-khimich.com\/wp-content\/uploads\/2023\/03\/Logo-gallerie-inna-khimich.png","width":512,"height":196,"caption":"Galerie Inna Khimich."},"image":{"@id":"https:\/\/www.galerie-inna-khimich.com\/en\/#\/schema\/logo\/image\/"},"sameAs":["https:\/\/www.facebook.com\/people\/Galerie-Inna-Khimich\/100063467802915\/","https:\/\/www.instagram.com\/galerie_inna_khimich"]}]}},"_links":{"self":[{"href":"https:\/\/www.galerie-inna-khimich.com\/en\/wp-json\/wp\/v2\/product\/393","targetHints":{"allow":["GET"]}}],"collection":[{"href":"https:\/\/www.galerie-inna-khimich.com\/en\/wp-json\/wp\/v2\/product"}],"about":[{"href":"https:\/\/www.galerie-inna-khimich.com\/en\/wp-json\/wp\/v2\/types\/product"}],"replies":[{"embeddable":true,"href":"https:\/\/www.galerie-inna-khimich.com\/en\/wp-json\/wp\/v2\/comments?post=393"}],"wp:featuredmedia":[{"embeddable":true,"href":"https:\/\/www.galerie-inna-khimich.com\/en\/wp-json\/wp\/v2\/media\/394"}],"wp:attachment":[{"href":"https:\/\/www.galerie-inna-khimich.com\/en\/wp-json\/wp\/v2\/media?parent=393"}],"wp:term":[{"taxonomy":"product_brand","embeddable":true,"href":"https:\/\/www.galerie-inna-khimich.com\/en\/wp-json\/wp\/v2\/product_brand?post=393"},{"taxonomy":"product_cat","embeddable":true,"href":"https:\/\/www.galerie-inna-khimich.com\/en\/wp-json\/wp\/v2\/product_cat?post=393"},{"taxonomy":"product_tag","embeddable":true,"href":"https:\/\/www.galerie-inna-khimich.com\/en\/wp-json\/wp\/v2\/product_tag?post=393"}],"curies":[{"name":"wp","href":"https:\/\/api.w.org\/{rel}","templated":true}]}}