{"id":2379,"date":"2026-02-28T18:26:42","date_gmt":"2026-02-28T17:26:42","guid":{"rendered":"https:\/\/www.galerie-inna-khimich.com\/?post_type=product&#038;p=2379"},"modified":"2026-02-28T18:26:42","modified_gmt":"2026-02-28T17:26:42","slug":"beatrice-migliore-sentier-en-bord-de-mer","status":"publish","type":"product","link":"https:\/\/www.galerie-inna-khimich.com\/en\/produit\/beatrice-migliore-sentier-en-bord-de-mer\/","title":{"rendered":"B\u00e9atrice Migliore &#8211; Sentier en bord de mer"},"content":{"rendered":"<h4>B\u00e9atrice Migliore<\/h4>\n<h4>Sentier en bord de mer<\/h4>\n<h4>46&#215;38 cm Acrylique sur toile<\/h4>\n<h4>En vente sur ce site<\/h4>\n<p>&nbsp;<\/p>\n","protected":false},"excerpt":{"rendered":"<h4>B\u00e9atrice Migliore<\/h4>\n<h4>Sentier en bord de mer<\/h4>\n<h4>46&#215;38 cm Acrylique sur toile<\/h4>\n<h4>En vente sur ce site<\/h4>\n<p>&nbsp;<\/p>\n","protected":false},"featured_media":2380,"comment_status":"closed","ping_status":"closed","template":"","meta":{"_acf_changed":false,"_et_pb_use_builder":"","_et_pb_old_content":"","_et_gb_content_width":""},"product_brand":[],"product_cat":[59,36,46,33],"product_tag":[],"class_list":{"0":"post-2379","1":"product","2":"type-product","3":"status-publish","4":"has-post-thumbnail","6":"product_cat-beatrice-migliore","7":"product_cat-figuration","8":"product_cat-modernisme","9":"product_cat-peinture","11":"first","12":"instock","13":"taxable","14":"shipping-taxable","15":"purchasable","16":"product-type-simple"},"acf":[],"yoast_head":"<!-- This site is optimized with the Yoast SEO plugin v24.5 - https:\/\/yoast.com\/wordpress\/plugins\/seo\/ -->\n<title>B\u00e9atrice Migliore - Sentier en bord de mer - Galerie Inna Khimich.<\/title>\n<meta name=\"description\" content=\"Peinture de B\u00e9atrice Migliore est coloriste et po\u00e9tique. Les couleurs fraiches se rencontre avec la sensibilit\u00e9 artistique. Paysage de la mer. Les voiliers\" \/>\n<meta name=\"robots\" content=\"index, follow, max-snippet:-1, max-image-preview:large, max-video-preview:-1\" \/>\n<link rel=\"canonical\" href=\"https:\/\/www.galerie-inna-khimich.com\/en\/produit\/beatrice-migliore-sentier-en-bord-de-mer\/\" \/>\n<meta property=\"og:locale\" content=\"en_US\" \/>\n<meta property=\"og:type\" content=\"article\" \/>\n<meta property=\"og:title\" content=\"B\u00e9atrice Migliore - Sentier en bord de mer - Galerie Inna Khimich.\" \/>\n<meta property=\"og:description\" content=\"Peinture de B\u00e9atrice Migliore est coloriste et po\u00e9tique. Les couleurs fraiches se rencontre avec la sensibilit\u00e9 artistique. Paysage de la mer. Les voiliers\" \/>\n<meta property=\"og:site_name\" content=\"Galerie Inna Khimich.\" \/>\n<meta property=\"article:publisher\" content=\"https:\/\/www.facebook.com\/people\/Galerie-Inna-Khimich\/100063467802915\/\" \/>\n<meta property=\"og:image\" content=\"https:\/\/www.galerie-inna-khimich.com\/wp-content\/uploads\/2026\/02\/MIGLIORE-Sentier-en-bord-de-mer-8F-pour-GIK.jpg\" \/>\n\t<meta property=\"og:image:width\" content=\"1550\" \/>\n\t<meta property=\"og:image:height\" content=\"1275\" \/>\n\t<meta property=\"og:image:type\" content=\"image\/jpeg\" \/>\n<meta name=\"twitter:card\" content=\"summary_large_image\" \/>\n<meta name=\"twitter:label1\" content=\"Est. reading time\" \/>\n\t<meta name=\"twitter:data1\" content=\"1 minute\" \/>\n<script type=\"application\/ld+json\" class=\"yoast-schema-graph\">{\"@context\":\"https:\/\/schema.org\",\"@graph\":[{\"@type\":\"WebPage\",\"@id\":\"https:\/\/www.galerie-inna-khimich.com\/en\/produit\/beatrice-migliore-sentier-en-bord-de-mer\/\",\"url\":\"https:\/\/www.galerie-inna-khimich.com\/en\/produit\/beatrice-migliore-sentier-en-bord-de-mer\/\",\"name\":\"B\u00e9atrice Migliore - Sentier en bord de mer - Galerie Inna Khimich.\",\"isPartOf\":{\"@id\":\"https:\/\/www.galerie-inna-khimich.com\/en\/#website\"},\"primaryImageOfPage\":{\"@id\":\"https:\/\/www.galerie-inna-khimich.com\/en\/produit\/beatrice-migliore-sentier-en-bord-de-mer\/#primaryimage\"},\"image\":{\"@id\":\"https:\/\/www.galerie-inna-khimich.com\/en\/produit\/beatrice-migliore-sentier-en-bord-de-mer\/#primaryimage\"},\"thumbnailUrl\":\"https:\/\/www.galerie-inna-khimich.com\/wp-content\/uploads\/2026\/02\/MIGLIORE-Sentier-en-bord-de-mer-8F-pour-GIK.jpg\",\"datePublished\":\"2026-02-28T17:26:42+00:00\",\"description\":\"Peinture de B\u00e9atrice Migliore est coloriste et po\u00e9tique. Les couleurs fraiches se rencontre avec la sensibilit\u00e9 artistique. Paysage de la mer. Les voiliers\",\"breadcrumb\":{\"@id\":\"https:\/\/www.galerie-inna-khimich.com\/en\/produit\/beatrice-migliore-sentier-en-bord-de-mer\/#breadcrumb\"},\"inLanguage\":\"en-US\",\"potentialAction\":[{\"@type\":\"ReadAction\",\"target\":[\"https:\/\/www.galerie-inna-khimich.com\/en\/produit\/beatrice-migliore-sentier-en-bord-de-mer\/\"]}]},{\"@type\":\"ImageObject\",\"inLanguage\":\"en-US\",\"@id\":\"https:\/\/www.galerie-inna-khimich.com\/en\/produit\/beatrice-migliore-sentier-en-bord-de-mer\/#primaryimage\",\"url\":\"https:\/\/www.galerie-inna-khimich.com\/wp-content\/uploads\/2026\/02\/MIGLIORE-Sentier-en-bord-de-mer-8F-pour-GIK.jpg\",\"contentUrl\":\"https:\/\/www.galerie-inna-khimich.com\/wp-content\/uploads\/2026\/02\/MIGLIORE-Sentier-en-bord-de-mer-8F-pour-GIK.jpg\",\"width\":1550,\"height\":1275},{\"@type\":\"BreadcrumbList\",\"@id\":\"https:\/\/www.galerie-inna-khimich.com\/en\/produit\/beatrice-migliore-sentier-en-bord-de-mer\/#breadcrumb\",\"itemListElement\":[{\"@type\":\"ListItem\",\"position\":1,\"name\":\"Accueil\",\"item\":\"https:\/\/www.galerie-inna-khimich.com\/en\/\"},{\"@type\":\"ListItem\",\"position\":2,\"name\":\"Shop \/ Artists\",\"item\":\"https:\/\/www.galerie-inna-khimich.com\/en\/shop\/\"},{\"@type\":\"ListItem\",\"position\":3,\"name\":\"B\u00e9atrice Migliore &#8211; Sentier en bord de mer\"}]},{\"@type\":\"WebSite\",\"@id\":\"https:\/\/www.galerie-inna-khimich.com\/en\/#website\",\"url\":\"https:\/\/www.galerie-inna-khimich.com\/en\/\",\"name\":\"Galerie Inna Khimich.\",\"description\":\"Galerie d\u2019Art Contemporaine\",\"publisher\":{\"@id\":\"https:\/\/www.galerie-inna-khimich.com\/en\/#organization\"},\"potentialAction\":[{\"@type\":\"SearchAction\",\"target\":{\"@type\":\"EntryPoint\",\"urlTemplate\":\"https:\/\/www.galerie-inna-khimich.com\/en\/?s={search_term_string}\"},\"query-input\":{\"@type\":\"PropertyValueSpecification\",\"valueRequired\":true,\"valueName\":\"search_term_string\"}}],\"inLanguage\":\"en-US\"},{\"@type\":\"Organization\",\"@id\":\"https:\/\/www.galerie-inna-khimich.com\/en\/#organization\",\"name\":\"Galerie Inna Khimich.\",\"url\":\"https:\/\/www.galerie-inna-khimich.com\/en\/\",\"logo\":{\"@type\":\"ImageObject\",\"inLanguage\":\"en-US\",\"@id\":\"https:\/\/www.galerie-inna-khimich.com\/en\/#\/schema\/logo\/image\/\",\"url\":\"https:\/\/www.galerie-inna-khimich.com\/wp-content\/uploads\/2023\/03\/Logo-gallerie-inna-khimich.png\",\"contentUrl\":\"https:\/\/www.galerie-inna-khimich.com\/wp-content\/uploads\/2023\/03\/Logo-gallerie-inna-khimich.png\",\"width\":512,\"height\":196,\"caption\":\"Galerie Inna Khimich.\"},\"image\":{\"@id\":\"https:\/\/www.galerie-inna-khimich.com\/en\/#\/schema\/logo\/image\/\"},\"sameAs\":[\"https:\/\/www.facebook.com\/people\/Galerie-Inna-Khimich\/100063467802915\/\",\"https:\/\/www.instagram.com\/galerie_inna_khimich\"]}]}<\/script>\n<!-- \/ Yoast SEO plugin. -->","yoast_head_json":{"title":"B\u00e9atrice Migliore - Sentier en bord de mer - Galerie Inna Khimich.","description":"Peinture de B\u00e9atrice Migliore est coloriste et po\u00e9tique. Les couleurs fraiches se rencontre avec la sensibilit\u00e9 artistique. Paysage de la mer. Les voiliers","robots":{"index":"index","follow":"follow","max-snippet":"max-snippet:-1","max-image-preview":"max-image-preview:large","max-video-preview":"max-video-preview:-1"},"canonical":"https:\/\/www.galerie-inna-khimich.com\/en\/produit\/beatrice-migliore-sentier-en-bord-de-mer\/","og_locale":"en_US","og_type":"article","og_title":"B\u00e9atrice Migliore - Sentier en bord de mer - Galerie Inna Khimich.","og_description":"Peinture de B\u00e9atrice Migliore est coloriste et po\u00e9tique. Les couleurs fraiches se rencontre avec la sensibilit\u00e9 artistique. Paysage de la mer. Les voiliers","og_site_name":"Galerie Inna Khimich.","article_publisher":"https:\/\/www.facebook.com\/people\/Galerie-Inna-Khimich\/100063467802915\/","og_image":[{"width":1550,"height":1275,"url":"https:\/\/www.galerie-inna-khimich.com\/wp-content\/uploads\/2026\/02\/MIGLIORE-Sentier-en-bord-de-mer-8F-pour-GIK.jpg","type":"image\/jpeg"}],"twitter_card":"summary_large_image","twitter_misc":{"Est. reading time":"1 minute"},"schema":{"@context":"https:\/\/schema.org","@graph":[{"@type":"WebPage","@id":"https:\/\/www.galerie-inna-khimich.com\/en\/produit\/beatrice-migliore-sentier-en-bord-de-mer\/","url":"https:\/\/www.galerie-inna-khimich.com\/en\/produit\/beatrice-migliore-sentier-en-bord-de-mer\/","name":"B\u00e9atrice Migliore - Sentier en bord de mer - Galerie Inna Khimich.","isPartOf":{"@id":"https:\/\/www.galerie-inna-khimich.com\/en\/#website"},"primaryImageOfPage":{"@id":"https:\/\/www.galerie-inna-khimich.com\/en\/produit\/beatrice-migliore-sentier-en-bord-de-mer\/#primaryimage"},"image":{"@id":"https:\/\/www.galerie-inna-khimich.com\/en\/produit\/beatrice-migliore-sentier-en-bord-de-mer\/#primaryimage"},"thumbnailUrl":"https:\/\/www.galerie-inna-khimich.com\/wp-content\/uploads\/2026\/02\/MIGLIORE-Sentier-en-bord-de-mer-8F-pour-GIK.jpg","datePublished":"2026-02-28T17:26:42+00:00","description":"Peinture de B\u00e9atrice Migliore est coloriste et po\u00e9tique. Les couleurs fraiches se rencontre avec la sensibilit\u00e9 artistique. Paysage de la mer. Les voiliers","breadcrumb":{"@id":"https:\/\/www.galerie-inna-khimich.com\/en\/produit\/beatrice-migliore-sentier-en-bord-de-mer\/#breadcrumb"},"inLanguage":"en-US","potentialAction":[{"@type":"ReadAction","target":["https:\/\/www.galerie-inna-khimich.com\/en\/produit\/beatrice-migliore-sentier-en-bord-de-mer\/"]}]},{"@type":"ImageObject","inLanguage":"en-US","@id":"https:\/\/www.galerie-inna-khimich.com\/en\/produit\/beatrice-migliore-sentier-en-bord-de-mer\/#primaryimage","url":"https:\/\/www.galerie-inna-khimich.com\/wp-content\/uploads\/2026\/02\/MIGLIORE-Sentier-en-bord-de-mer-8F-pour-GIK.jpg","contentUrl":"https:\/\/www.galerie-inna-khimich.com\/wp-content\/uploads\/2026\/02\/MIGLIORE-Sentier-en-bord-de-mer-8F-pour-GIK.jpg","width":1550,"height":1275},{"@type":"BreadcrumbList","@id":"https:\/\/www.galerie-inna-khimich.com\/en\/produit\/beatrice-migliore-sentier-en-bord-de-mer\/#breadcrumb","itemListElement":[{"@type":"ListItem","position":1,"name":"Accueil","item":"https:\/\/www.galerie-inna-khimich.com\/en\/"},{"@type":"ListItem","position":2,"name":"Shop \/ Artists","item":"https:\/\/www.galerie-inna-khimich.com\/en\/shop\/"},{"@type":"ListItem","position":3,"name":"B\u00e9atrice Migliore &#8211; Sentier en bord de mer"}]},{"@type":"WebSite","@id":"https:\/\/www.galerie-inna-khimich.com\/en\/#website","url":"https:\/\/www.galerie-inna-khimich.com\/en\/","name":"Galerie Inna Khimich.","description":"Galerie d\u2019Art Contemporaine","publisher":{"@id":"https:\/\/www.galerie-inna-khimich.com\/en\/#organization"},"potentialAction":[{"@type":"SearchAction","target":{"@type":"EntryPoint","urlTemplate":"https:\/\/www.galerie-inna-khimich.com\/en\/?s={search_term_string}"},"query-input":{"@type":"PropertyValueSpecification","valueRequired":true,"valueName":"search_term_string"}}],"inLanguage":"en-US"},{"@type":"Organization","@id":"https:\/\/www.galerie-inna-khimich.com\/en\/#organization","name":"Galerie Inna Khimich.","url":"https:\/\/www.galerie-inna-khimich.com\/en\/","logo":{"@type":"ImageObject","inLanguage":"en-US","@id":"https:\/\/www.galerie-inna-khimich.com\/en\/#\/schema\/logo\/image\/","url":"https:\/\/www.galerie-inna-khimich.com\/wp-content\/uploads\/2023\/03\/Logo-gallerie-inna-khimich.png","contentUrl":"https:\/\/www.galerie-inna-khimich.com\/wp-content\/uploads\/2023\/03\/Logo-gallerie-inna-khimich.png","width":512,"height":196,"caption":"Galerie Inna Khimich."},"image":{"@id":"https:\/\/www.galerie-inna-khimich.com\/en\/#\/schema\/logo\/image\/"},"sameAs":["https:\/\/www.facebook.com\/people\/Galerie-Inna-Khimich\/100063467802915\/","https:\/\/www.instagram.com\/galerie_inna_khimich"]}]}},"_links":{"self":[{"href":"https:\/\/www.galerie-inna-khimich.com\/en\/wp-json\/wp\/v2\/product\/2379","targetHints":{"allow":["GET"]}}],"collection":[{"href":"https:\/\/www.galerie-inna-khimich.com\/en\/wp-json\/wp\/v2\/product"}],"about":[{"href":"https:\/\/www.galerie-inna-khimich.com\/en\/wp-json\/wp\/v2\/types\/product"}],"replies":[{"embeddable":true,"href":"https:\/\/www.galerie-inna-khimich.com\/en\/wp-json\/wp\/v2\/comments?post=2379"}],"wp:featuredmedia":[{"embeddable":true,"href":"https:\/\/www.galerie-inna-khimich.com\/en\/wp-json\/wp\/v2\/media\/2380"}],"wp:attachment":[{"href":"https:\/\/www.galerie-inna-khimich.com\/en\/wp-json\/wp\/v2\/media?parent=2379"}],"wp:term":[{"taxonomy":"product_brand","embeddable":true,"href":"https:\/\/www.galerie-inna-khimich.com\/en\/wp-json\/wp\/v2\/product_brand?post=2379"},{"taxonomy":"product_cat","embeddable":true,"href":"https:\/\/www.galerie-inna-khimich.com\/en\/wp-json\/wp\/v2\/product_cat?post=2379"},{"taxonomy":"product_tag","embeddable":true,"href":"https:\/\/www.galerie-inna-khimich.com\/en\/wp-json\/wp\/v2\/product_tag?post=2379"}],"curies":[{"name":"wp","href":"https:\/\/api.w.org\/{rel}","templated":true}]}}