{"id":1932,"date":"2024-03-12T19:01:30","date_gmt":"2024-03-12T18:01:30","guid":{"rendered":"https:\/\/www.galerie-inna-khimich.com\/produit\/yann-letestu-quitter-les-sables\/"},"modified":"2024-12-04T19:20:21","modified_gmt":"2024-12-04T18:20:21","slug":"yann-letestu-quitter-les-sables","status":"publish","type":"product","link":"https:\/\/www.galerie-inna-khimich.com\/en\/produit\/yann-letestu-quitter-les-sables\/","title":{"rendered":"Yann Letestu-Quitter les Sables"},"content":{"rendered":"<h4>Yann Letestu<\/h4>\n<h4>Quitter les Sables 92&#215;65 cm<\/h4>\n<h4>Techniques mixtres sur carte marine<\/h4>\n<h4>Yann Letestu est un artiste permanent de la Galerie Inna Khimich \u00e0 Toulon France.<\/h4>\n<h4>Peintre figuratif, les toiles de Yann Letestu sont \u00e0 la fois tr\u00e8s identifi\u00e9es et d\u2019une humilit\u00e9 tout en sobri\u00e9t\u00e9. L\u2019artiste n\u2019a de cesse de chercher l\u2019\u00e9quilibre, que ce soit entre techniques de peinture classique et intuitive, pr\u00e9cision du d\u00e9tail et suggestion picturale, nostalgie, r\u00eave et espoir\u2026<\/h4>\n","protected":false},"excerpt":{"rendered":"<h4>Yann Letestu<\/h4>\n<h4>Quitter les Sables 92&#215;65 cm<\/h4>\n<h4>Techniques mixtres sur carte marine<\/h4>\n<h4>En vente sur ce site<\/h4>\n<p>&nbsp;<\/p>\n","protected":false},"featured_media":1579,"comment_status":"closed","ping_status":"closed","template":"","meta":{"_acf_changed":false,"_et_pb_use_builder":"","_et_pb_old_content":"","_et_gb_content_width":""},"product_brand":[],"product_cat":[100,87,85],"product_tag":[],"class_list":{"0":"post-1932","1":"product","2":"type-product","3":"status-publish","4":"has-post-thumbnail","6":"product_cat-figuration-en","7":"product_cat-peinture-en","8":"product_cat-yann-letestu-en","9":"product_shipping_class-dhl-en","11":"first","12":"instock","13":"taxable","14":"shipping-taxable","15":"purchasable","16":"product-type-simple"},"acf":[],"yoast_head":"<!-- This site is optimized with the Yoast SEO plugin v24.5 - https:\/\/yoast.com\/wordpress\/plugins\/seo\/ -->\n<title>Yann Letestu-Quitter les Sables - Galerie Inna Khimich.<\/title>\n<meta name=\"description\" content=\"Yann Letestu- artiste permanent de la Galerie Inna Khimich \u00e0 Toulon France. Galerie d&#039;art Toulon. Expositions Toulon. Exhibitions France. Museum Mus\u00e9e Mer\" \/>\n<meta name=\"robots\" content=\"index, follow, max-snippet:-1, max-image-preview:large, max-video-preview:-1\" \/>\n<link rel=\"canonical\" href=\"https:\/\/www.galerie-inna-khimich.com\/en\/produit\/yann-letestu-quitter-les-sables\/\" \/>\n<meta property=\"og:locale\" content=\"en_US\" \/>\n<meta property=\"og:type\" content=\"article\" \/>\n<meta property=\"og:title\" content=\"Yann Letestu-Quitter les Sables - Galerie Inna Khimich.\" \/>\n<meta property=\"og:description\" content=\"Yann Letestu- artiste permanent de la Galerie Inna Khimich \u00e0 Toulon France. Galerie d&#039;art Toulon. Expositions Toulon. Exhibitions France. Museum Mus\u00e9e Mer\" \/>\n<meta property=\"og:site_name\" content=\"Galerie Inna Khimich.\" \/>\n<meta property=\"article:publisher\" content=\"https:\/\/www.facebook.com\/people\/Galerie-Inna-Khimich\/100063467802915\/\" \/>\n<meta property=\"article:modified_time\" content=\"2024-12-04T18:20:21+00:00\" \/>\n<meta property=\"og:image\" content=\"https:\/\/www.galerie-inna-khimich.com\/wp-content\/uploads\/2024\/03\/LETESTU-Quitter-les-Sables-92x65-cm-pour-site-GIK-1-scaled.jpg\" \/>\n\t<meta property=\"og:image:width\" content=\"1816\" \/>\n\t<meta property=\"og:image:height\" content=\"2560\" \/>\n\t<meta property=\"og:image:type\" content=\"image\/jpeg\" \/>\n<meta name=\"twitter:card\" content=\"summary_large_image\" \/>\n<script type=\"application\/ld+json\" class=\"yoast-schema-graph\">{\"@context\":\"https:\/\/schema.org\",\"@graph\":[{\"@type\":\"WebPage\",\"@id\":\"https:\/\/www.galerie-inna-khimich.com\/en\/produit\/yann-letestu-quitter-les-sables\/\",\"url\":\"https:\/\/www.galerie-inna-khimich.com\/en\/produit\/yann-letestu-quitter-les-sables\/\",\"name\":\"Yann Letestu-Quitter les Sables - Galerie Inna Khimich.\",\"isPartOf\":{\"@id\":\"https:\/\/www.galerie-inna-khimich.com\/en\/#website\"},\"primaryImageOfPage\":{\"@id\":\"https:\/\/www.galerie-inna-khimich.com\/en\/produit\/yann-letestu-quitter-les-sables\/#primaryimage\"},\"image\":{\"@id\":\"https:\/\/www.galerie-inna-khimich.com\/en\/produit\/yann-letestu-quitter-les-sables\/#primaryimage\"},\"thumbnailUrl\":\"https:\/\/www.galerie-inna-khimich.com\/wp-content\/uploads\/2024\/03\/LETESTU-Quitter-les-Sables-92x65-cm-pour-site-GIK-1-scaled.jpg\",\"datePublished\":\"2024-03-12T18:01:30+00:00\",\"dateModified\":\"2024-12-04T18:20:21+00:00\",\"description\":\"Yann Letestu- artiste permanent de la Galerie Inna Khimich \u00e0 Toulon France. Galerie d'art Toulon. Expositions Toulon. Exhibitions France. Museum Mus\u00e9e Mer\",\"breadcrumb\":{\"@id\":\"https:\/\/www.galerie-inna-khimich.com\/en\/produit\/yann-letestu-quitter-les-sables\/#breadcrumb\"},\"inLanguage\":\"en-US\",\"potentialAction\":[{\"@type\":\"ReadAction\",\"target\":[\"https:\/\/www.galerie-inna-khimich.com\/en\/produit\/yann-letestu-quitter-les-sables\/\"]}]},{\"@type\":\"ImageObject\",\"inLanguage\":\"en-US\",\"@id\":\"https:\/\/www.galerie-inna-khimich.com\/en\/produit\/yann-letestu-quitter-les-sables\/#primaryimage\",\"url\":\"https:\/\/www.galerie-inna-khimich.com\/wp-content\/uploads\/2024\/03\/LETESTU-Quitter-les-Sables-92x65-cm-pour-site-GIK-1-scaled.jpg\",\"contentUrl\":\"https:\/\/www.galerie-inna-khimich.com\/wp-content\/uploads\/2024\/03\/LETESTU-Quitter-les-Sables-92x65-cm-pour-site-GIK-1-scaled.jpg\",\"width\":1816,\"height\":2560},{\"@type\":\"BreadcrumbList\",\"@id\":\"https:\/\/www.galerie-inna-khimich.com\/en\/produit\/yann-letestu-quitter-les-sables\/#breadcrumb\",\"itemListElement\":[{\"@type\":\"ListItem\",\"position\":1,\"name\":\"Accueil\",\"item\":\"https:\/\/www.galerie-inna-khimich.com\/en\/\"},{\"@type\":\"ListItem\",\"position\":2,\"name\":\"Shop \/ Artists\",\"item\":\"https:\/\/www.galerie-inna-khimich.com\/en\/shop\/\"},{\"@type\":\"ListItem\",\"position\":3,\"name\":\"Yann Letestu-Quitter les Sables\"}]},{\"@type\":\"WebSite\",\"@id\":\"https:\/\/www.galerie-inna-khimich.com\/en\/#website\",\"url\":\"https:\/\/www.galerie-inna-khimich.com\/en\/\",\"name\":\"Galerie Inna Khimich.\",\"description\":\"Galerie d\u2019Art Contemporaine\",\"publisher\":{\"@id\":\"https:\/\/www.galerie-inna-khimich.com\/en\/#organization\"},\"potentialAction\":[{\"@type\":\"SearchAction\",\"target\":{\"@type\":\"EntryPoint\",\"urlTemplate\":\"https:\/\/www.galerie-inna-khimich.com\/en\/?s={search_term_string}\"},\"query-input\":{\"@type\":\"PropertyValueSpecification\",\"valueRequired\":true,\"valueName\":\"search_term_string\"}}],\"inLanguage\":\"en-US\"},{\"@type\":\"Organization\",\"@id\":\"https:\/\/www.galerie-inna-khimich.com\/en\/#organization\",\"name\":\"Galerie Inna Khimich.\",\"url\":\"https:\/\/www.galerie-inna-khimich.com\/en\/\",\"logo\":{\"@type\":\"ImageObject\",\"inLanguage\":\"en-US\",\"@id\":\"https:\/\/www.galerie-inna-khimich.com\/en\/#\/schema\/logo\/image\/\",\"url\":\"https:\/\/www.galerie-inna-khimich.com\/wp-content\/uploads\/2023\/03\/Logo-gallerie-inna-khimich.png\",\"contentUrl\":\"https:\/\/www.galerie-inna-khimich.com\/wp-content\/uploads\/2023\/03\/Logo-gallerie-inna-khimich.png\",\"width\":512,\"height\":196,\"caption\":\"Galerie Inna Khimich.\"},\"image\":{\"@id\":\"https:\/\/www.galerie-inna-khimich.com\/en\/#\/schema\/logo\/image\/\"},\"sameAs\":[\"https:\/\/www.facebook.com\/people\/Galerie-Inna-Khimich\/100063467802915\/\",\"https:\/\/www.instagram.com\/galerie_inna_khimich\"]}]}<\/script>\n<!-- \/ Yoast SEO plugin. -->","yoast_head_json":{"title":"Yann Letestu-Quitter les Sables - Galerie Inna Khimich.","description":"Yann Letestu- artiste permanent de la Galerie Inna Khimich \u00e0 Toulon France. Galerie d'art Toulon. Expositions Toulon. Exhibitions France. Museum Mus\u00e9e Mer","robots":{"index":"index","follow":"follow","max-snippet":"max-snippet:-1","max-image-preview":"max-image-preview:large","max-video-preview":"max-video-preview:-1"},"canonical":"https:\/\/www.galerie-inna-khimich.com\/en\/produit\/yann-letestu-quitter-les-sables\/","og_locale":"en_US","og_type":"article","og_title":"Yann Letestu-Quitter les Sables - Galerie Inna Khimich.","og_description":"Yann Letestu- artiste permanent de la Galerie Inna Khimich \u00e0 Toulon France. Galerie d'art Toulon. Expositions Toulon. Exhibitions France. Museum Mus\u00e9e Mer","og_site_name":"Galerie Inna Khimich.","article_publisher":"https:\/\/www.facebook.com\/people\/Galerie-Inna-Khimich\/100063467802915\/","article_modified_time":"2024-12-04T18:20:21+00:00","og_image":[{"width":1816,"height":2560,"url":"https:\/\/www.galerie-inna-khimich.com\/wp-content\/uploads\/2024\/03\/LETESTU-Quitter-les-Sables-92x65-cm-pour-site-GIK-1-scaled.jpg","type":"image\/jpeg"}],"twitter_card":"summary_large_image","schema":{"@context":"https:\/\/schema.org","@graph":[{"@type":"WebPage","@id":"https:\/\/www.galerie-inna-khimich.com\/en\/produit\/yann-letestu-quitter-les-sables\/","url":"https:\/\/www.galerie-inna-khimich.com\/en\/produit\/yann-letestu-quitter-les-sables\/","name":"Yann Letestu-Quitter les Sables - Galerie Inna Khimich.","isPartOf":{"@id":"https:\/\/www.galerie-inna-khimich.com\/en\/#website"},"primaryImageOfPage":{"@id":"https:\/\/www.galerie-inna-khimich.com\/en\/produit\/yann-letestu-quitter-les-sables\/#primaryimage"},"image":{"@id":"https:\/\/www.galerie-inna-khimich.com\/en\/produit\/yann-letestu-quitter-les-sables\/#primaryimage"},"thumbnailUrl":"https:\/\/www.galerie-inna-khimich.com\/wp-content\/uploads\/2024\/03\/LETESTU-Quitter-les-Sables-92x65-cm-pour-site-GIK-1-scaled.jpg","datePublished":"2024-03-12T18:01:30+00:00","dateModified":"2024-12-04T18:20:21+00:00","description":"Yann Letestu- artiste permanent de la Galerie Inna Khimich \u00e0 Toulon France. Galerie d'art Toulon. Expositions Toulon. Exhibitions France. Museum Mus\u00e9e Mer","breadcrumb":{"@id":"https:\/\/www.galerie-inna-khimich.com\/en\/produit\/yann-letestu-quitter-les-sables\/#breadcrumb"},"inLanguage":"en-US","potentialAction":[{"@type":"ReadAction","target":["https:\/\/www.galerie-inna-khimich.com\/en\/produit\/yann-letestu-quitter-les-sables\/"]}]},{"@type":"ImageObject","inLanguage":"en-US","@id":"https:\/\/www.galerie-inna-khimich.com\/en\/produit\/yann-letestu-quitter-les-sables\/#primaryimage","url":"https:\/\/www.galerie-inna-khimich.com\/wp-content\/uploads\/2024\/03\/LETESTU-Quitter-les-Sables-92x65-cm-pour-site-GIK-1-scaled.jpg","contentUrl":"https:\/\/www.galerie-inna-khimich.com\/wp-content\/uploads\/2024\/03\/LETESTU-Quitter-les-Sables-92x65-cm-pour-site-GIK-1-scaled.jpg","width":1816,"height":2560},{"@type":"BreadcrumbList","@id":"https:\/\/www.galerie-inna-khimich.com\/en\/produit\/yann-letestu-quitter-les-sables\/#breadcrumb","itemListElement":[{"@type":"ListItem","position":1,"name":"Accueil","item":"https:\/\/www.galerie-inna-khimich.com\/en\/"},{"@type":"ListItem","position":2,"name":"Shop \/ Artists","item":"https:\/\/www.galerie-inna-khimich.com\/en\/shop\/"},{"@type":"ListItem","position":3,"name":"Yann Letestu-Quitter les Sables"}]},{"@type":"WebSite","@id":"https:\/\/www.galerie-inna-khimich.com\/en\/#website","url":"https:\/\/www.galerie-inna-khimich.com\/en\/","name":"Galerie Inna Khimich.","description":"Galerie d\u2019Art Contemporaine","publisher":{"@id":"https:\/\/www.galerie-inna-khimich.com\/en\/#organization"},"potentialAction":[{"@type":"SearchAction","target":{"@type":"EntryPoint","urlTemplate":"https:\/\/www.galerie-inna-khimich.com\/en\/?s={search_term_string}"},"query-input":{"@type":"PropertyValueSpecification","valueRequired":true,"valueName":"search_term_string"}}],"inLanguage":"en-US"},{"@type":"Organization","@id":"https:\/\/www.galerie-inna-khimich.com\/en\/#organization","name":"Galerie Inna Khimich.","url":"https:\/\/www.galerie-inna-khimich.com\/en\/","logo":{"@type":"ImageObject","inLanguage":"en-US","@id":"https:\/\/www.galerie-inna-khimich.com\/en\/#\/schema\/logo\/image\/","url":"https:\/\/www.galerie-inna-khimich.com\/wp-content\/uploads\/2023\/03\/Logo-gallerie-inna-khimich.png","contentUrl":"https:\/\/www.galerie-inna-khimich.com\/wp-content\/uploads\/2023\/03\/Logo-gallerie-inna-khimich.png","width":512,"height":196,"caption":"Galerie Inna Khimich."},"image":{"@id":"https:\/\/www.galerie-inna-khimich.com\/en\/#\/schema\/logo\/image\/"},"sameAs":["https:\/\/www.facebook.com\/people\/Galerie-Inna-Khimich\/100063467802915\/","https:\/\/www.instagram.com\/galerie_inna_khimich"]}]}},"_links":{"self":[{"href":"https:\/\/www.galerie-inna-khimich.com\/en\/wp-json\/wp\/v2\/product\/1932","targetHints":{"allow":["GET"]}}],"collection":[{"href":"https:\/\/www.galerie-inna-khimich.com\/en\/wp-json\/wp\/v2\/product"}],"about":[{"href":"https:\/\/www.galerie-inna-khimich.com\/en\/wp-json\/wp\/v2\/types\/product"}],"replies":[{"embeddable":true,"href":"https:\/\/www.galerie-inna-khimich.com\/en\/wp-json\/wp\/v2\/comments?post=1932"}],"wp:featuredmedia":[{"embeddable":true,"href":"https:\/\/www.galerie-inna-khimich.com\/en\/wp-json\/wp\/v2\/media\/1579"}],"wp:attachment":[{"href":"https:\/\/www.galerie-inna-khimich.com\/en\/wp-json\/wp\/v2\/media?parent=1932"}],"wp:term":[{"taxonomy":"product_brand","embeddable":true,"href":"https:\/\/www.galerie-inna-khimich.com\/en\/wp-json\/wp\/v2\/product_brand?post=1932"},{"taxonomy":"product_cat","embeddable":true,"href":"https:\/\/www.galerie-inna-khimich.com\/en\/wp-json\/wp\/v2\/product_cat?post=1932"},{"taxonomy":"product_tag","embeddable":true,"href":"https:\/\/www.galerie-inna-khimich.com\/en\/wp-json\/wp\/v2\/product_tag?post=1932"}],"curies":[{"name":"wp","href":"https:\/\/api.w.org\/{rel}","templated":true}]}}