{"id":1145,"date":"2022-05-27T12:55:01","date_gmt":"2022-05-27T10:55:01","guid":{"rendered":"https:\/\/www.galerie-inna-khimich.com\/politique-de-confidentialite\/"},"modified":"2024-08-14T11:11:18","modified_gmt":"2024-08-14T09:11:18","slug":"politique-de-confidentialite","status":"publish","type":"page","link":"https:\/\/www.galerie-inna-khimich.com\/en\/politique-de-confidentialite\/","title":{"rendered":"Politique de confidentialit\u00e9"},"content":{"rendered":"&#13;\r\n<h2 class=\"wp-block-heading\">Galerie Inna Khimich<\/h2>&#13;&#13;\r\n<p>SIRET number: 818 557 985 00020<br\/>45 RUE LAMALGUE &#8211; 83000 TOULON &#8211; France.<\/p>&#13;&#13;\r\n<h2 class=\"wp-block-heading\">Host of the &#8220;galerie-inna-khimich.com&#8221; website:<\/h2>&#13;\r\n<p>OVH \u2013 https:\/\/www.ovh.com\/en\/ &#8211; SAS with a capital of \u20ac10,069,020 \u2013 Registered in the<br\/>RCS (trade and companies register) of LILLE METROPOLE, under number 444 610 976<br\/>\u2013 APE code 2620Z \u2013 VAT NUMBER: FR 22 424 761 419 \u2013 Head office: 2 rue<br\/>Kellermann \u2013 59100 Roubaix \u2013 France<\/p>&#13;&#13;\r\n<h2 class=\"wp-block-heading\">Terms of use of the &#8220;galerie-inna-khimich.com&#8221; website<\/h2>&#13;\r\n<p>The use of this website implies acceptance of the conditions of use defined below.<br\/>The Inna Khimich Gallery reserves the right to take legal action, in case of violation of the terms of use, especially in case of non-compliance and unauthorised use of names and works, or in case of violation of the rights related to the information, design, text, videos, audio files, photographs and images, and more generally to the whole content of the website.<\/p>&#13;&#13;\r\n<h2 class=\"wp-block-heading\">Copyright<\/h2>&#13;\r\n<p>In application of the French Code of Intellectual Property, and more generally of international treaties and agreements containing provisions related to copyright protection, it is prohibited for any use other than private or educational, to reproduce, sell, disseminate, modify, publish, in whole or in part, in any form whatsoever, the data, presentation or organisation of the site, or the works protected by copyright shown on the website, without specific prior written authorisation from the Inna Khimich Gallery.<\/p>&#13;&#13;\r\n<h2 class=\"wp-block-heading\">Links<\/h2>&#13;\r\n<p>Managers of online services who create links to this website are required to ask the artist for permission beforehand. This website may contain links to other sites which are not under permanent control. These links are considered useful and may bring complementary information to the site. The Inna Khimich Gallery does not assume any responsibility for these third-party websites, in particular regarding the accuracy and reliability of the information, data, or opinions contained therein.<\/p>&#13;&#13;\r\n<h2 class=\"wp-block-heading\">Protection of personal data<\/h2>&#13;\r\n<p>You are required to communicate personal information, especially when using our shop. The information you provide is for the exclusive use of the Inna Khimich Gallery and will not be transferred to third parties. Any user, having submitted personal information, directly or indirectly, may request this information from the service administrator and have it rectified if necessary, in accordance with the French law N 78-17 of January 6, 1978 relating to computers, files and freedoms (CNIL). To exercise this right, please contact the Inna Khimich Gallery. Users are also reminded that the confidentiality of correspondence cannot be guaranteed on the Internet network.<\/p>&#13;","protected":false},"excerpt":{"rendered":"<p>&#13; Galerie Inna Khimich &#13;&#13; SIRET number: 818 557 985 0002045 RUE LAMALGUE &#8211; 83000 TOULON &#8211; France. &#13;&#13; Host of the &#8220;galerie-inna-khimich.com&#8221; website: &#13; OVH \u2013 https:\/\/www.ovh.com\/en\/ &#8211; SAS with a capital of \u20ac10,069,020 \u2013 Registered in theRCS (trade and companies register) of LILLE METROPOLE, under number 444 610 976\u2013 APE code 2620Z \u2013 [&hellip;]<\/p>\n","protected":false},"author":1,"featured_media":0,"parent":0,"menu_order":0,"comment_status":"closed","ping_status":"open","template":"","meta":{"_acf_changed":false,"_et_pb_use_builder":"","_et_pb_old_content":"","_et_gb_content_width":"","footnotes":""},"class_list":["post-1145","page","type-page","status-publish","hentry"],"acf":[],"yoast_head":"<!-- This site is optimized with the Yoast SEO plugin v24.5 - https:\/\/yoast.com\/wordpress\/plugins\/seo\/ -->\n<title>Politique de confidentialit\u00e9 - Galerie Inna Khimich.<\/title>\n<meta name=\"description\" content=\"D\u00e9couvrez la politique de confidentialit\u00e9 de la galerie d&#039;art Inna Khimich \u00e0 Toulon. Peinture contemporaine, peinture figurative, etc.D\" \/>\n<meta name=\"robots\" content=\"index, follow, max-snippet:-1, max-image-preview:large, max-video-preview:-1\" \/>\n<link rel=\"canonical\" href=\"https:\/\/www.galerie-inna-khimich.com\/en\/politique-de-confidentialite\/\" \/>\n<meta property=\"og:locale\" content=\"en_US\" \/>\n<meta property=\"og:type\" content=\"article\" \/>\n<meta property=\"og:title\" content=\"Politique de confidentialit\u00e9 - Galerie Inna Khimich.\" \/>\n<meta property=\"og:description\" content=\"D\u00e9couvrez la politique de confidentialit\u00e9 de la galerie d&#039;art Inna Khimich \u00e0 Toulon. Peinture contemporaine, peinture figurative, etc.D\" \/>\n<meta property=\"og:site_name\" content=\"Galerie Inna Khimich.\" \/>\n<meta property=\"article:publisher\" content=\"https:\/\/www.facebook.com\/people\/Galerie-Inna-Khimich\/100063467802915\/\" \/>\n<meta property=\"article:modified_time\" content=\"2024-08-14T09:11:18+00:00\" \/>\n<meta name=\"twitter:card\" content=\"summary_large_image\" \/>\n<meta name=\"twitter:label1\" content=\"Est. reading time\" \/>\n\t<meta name=\"twitter:data1\" content=\"3 minutes\" \/>\n<script type=\"application\/ld+json\" class=\"yoast-schema-graph\">{\"@context\":\"https:\/\/schema.org\",\"@graph\":[{\"@type\":\"WebPage\",\"@id\":\"https:\/\/www.galerie-inna-khimich.com\/en\/politique-de-confidentialite\/\",\"url\":\"https:\/\/www.galerie-inna-khimich.com\/en\/politique-de-confidentialite\/\",\"name\":\"Politique de confidentialit\u00e9 - Galerie Inna Khimich.\",\"isPartOf\":{\"@id\":\"https:\/\/www.galerie-inna-khimich.com\/en\/#website\"},\"datePublished\":\"2022-05-27T10:55:01+00:00\",\"dateModified\":\"2024-08-14T09:11:18+00:00\",\"description\":\"D\u00e9couvrez la politique de confidentialit\u00e9 de la galerie d'art Inna Khimich \u00e0 Toulon. Peinture contemporaine, peinture figurative, etc.D\",\"breadcrumb\":{\"@id\":\"https:\/\/www.galerie-inna-khimich.com\/en\/politique-de-confidentialite\/#breadcrumb\"},\"inLanguage\":\"en-US\",\"potentialAction\":[{\"@type\":\"ReadAction\",\"target\":[\"https:\/\/www.galerie-inna-khimich.com\/en\/politique-de-confidentialite\/\"]}]},{\"@type\":\"BreadcrumbList\",\"@id\":\"https:\/\/www.galerie-inna-khimich.com\/en\/politique-de-confidentialite\/#breadcrumb\",\"itemListElement\":[{\"@type\":\"ListItem\",\"position\":1,\"name\":\"Accueil\",\"item\":\"https:\/\/www.galerie-inna-khimich.com\/en\/\"},{\"@type\":\"ListItem\",\"position\":2,\"name\":\"Politique de confidentialit\u00e9\"}]},{\"@type\":\"WebSite\",\"@id\":\"https:\/\/www.galerie-inna-khimich.com\/en\/#website\",\"url\":\"https:\/\/www.galerie-inna-khimich.com\/en\/\",\"name\":\"Galerie Inna Khimich.\",\"description\":\"Galerie d\u2019Art Contemporaine\",\"publisher\":{\"@id\":\"https:\/\/www.galerie-inna-khimich.com\/en\/#organization\"},\"potentialAction\":[{\"@type\":\"SearchAction\",\"target\":{\"@type\":\"EntryPoint\",\"urlTemplate\":\"https:\/\/www.galerie-inna-khimich.com\/en\/?s={search_term_string}\"},\"query-input\":{\"@type\":\"PropertyValueSpecification\",\"valueRequired\":true,\"valueName\":\"search_term_string\"}}],\"inLanguage\":\"en-US\"},{\"@type\":\"Organization\",\"@id\":\"https:\/\/www.galerie-inna-khimich.com\/en\/#organization\",\"name\":\"Galerie Inna Khimich.\",\"url\":\"https:\/\/www.galerie-inna-khimich.com\/en\/\",\"logo\":{\"@type\":\"ImageObject\",\"inLanguage\":\"en-US\",\"@id\":\"https:\/\/www.galerie-inna-khimich.com\/en\/#\/schema\/logo\/image\/\",\"url\":\"https:\/\/www.galerie-inna-khimich.com\/wp-content\/uploads\/2023\/03\/Logo-gallerie-inna-khimich.png\",\"contentUrl\":\"https:\/\/www.galerie-inna-khimich.com\/wp-content\/uploads\/2023\/03\/Logo-gallerie-inna-khimich.png\",\"width\":512,\"height\":196,\"caption\":\"Galerie Inna Khimich.\"},\"image\":{\"@id\":\"https:\/\/www.galerie-inna-khimich.com\/en\/#\/schema\/logo\/image\/\"},\"sameAs\":[\"https:\/\/www.facebook.com\/people\/Galerie-Inna-Khimich\/100063467802915\/\",\"https:\/\/www.instagram.com\/galerie_inna_khimich\"]}]}<\/script>\n<!-- \/ Yoast SEO plugin. -->","yoast_head_json":{"title":"Politique de confidentialit\u00e9 - Galerie Inna Khimich.","description":"D\u00e9couvrez la politique de confidentialit\u00e9 de la galerie d'art Inna Khimich \u00e0 Toulon. Peinture contemporaine, peinture figurative, etc.D","robots":{"index":"index","follow":"follow","max-snippet":"max-snippet:-1","max-image-preview":"max-image-preview:large","max-video-preview":"max-video-preview:-1"},"canonical":"https:\/\/www.galerie-inna-khimich.com\/en\/politique-de-confidentialite\/","og_locale":"en_US","og_type":"article","og_title":"Politique de confidentialit\u00e9 - Galerie Inna Khimich.","og_description":"D\u00e9couvrez la politique de confidentialit\u00e9 de la galerie d'art Inna Khimich \u00e0 Toulon. Peinture contemporaine, peinture figurative, etc.D","og_site_name":"Galerie Inna Khimich.","article_publisher":"https:\/\/www.facebook.com\/people\/Galerie-Inna-Khimich\/100063467802915\/","article_modified_time":"2024-08-14T09:11:18+00:00","twitter_card":"summary_large_image","twitter_misc":{"Est. reading time":"3 minutes"},"schema":{"@context":"https:\/\/schema.org","@graph":[{"@type":"WebPage","@id":"https:\/\/www.galerie-inna-khimich.com\/en\/politique-de-confidentialite\/","url":"https:\/\/www.galerie-inna-khimich.com\/en\/politique-de-confidentialite\/","name":"Politique de confidentialit\u00e9 - Galerie Inna Khimich.","isPartOf":{"@id":"https:\/\/www.galerie-inna-khimich.com\/en\/#website"},"datePublished":"2022-05-27T10:55:01+00:00","dateModified":"2024-08-14T09:11:18+00:00","description":"D\u00e9couvrez la politique de confidentialit\u00e9 de la galerie d'art Inna Khimich \u00e0 Toulon. Peinture contemporaine, peinture figurative, etc.D","breadcrumb":{"@id":"https:\/\/www.galerie-inna-khimich.com\/en\/politique-de-confidentialite\/#breadcrumb"},"inLanguage":"en-US","potentialAction":[{"@type":"ReadAction","target":["https:\/\/www.galerie-inna-khimich.com\/en\/politique-de-confidentialite\/"]}]},{"@type":"BreadcrumbList","@id":"https:\/\/www.galerie-inna-khimich.com\/en\/politique-de-confidentialite\/#breadcrumb","itemListElement":[{"@type":"ListItem","position":1,"name":"Accueil","item":"https:\/\/www.galerie-inna-khimich.com\/en\/"},{"@type":"ListItem","position":2,"name":"Politique de confidentialit\u00e9"}]},{"@type":"WebSite","@id":"https:\/\/www.galerie-inna-khimich.com\/en\/#website","url":"https:\/\/www.galerie-inna-khimich.com\/en\/","name":"Galerie Inna Khimich.","description":"Galerie d\u2019Art Contemporaine","publisher":{"@id":"https:\/\/www.galerie-inna-khimich.com\/en\/#organization"},"potentialAction":[{"@type":"SearchAction","target":{"@type":"EntryPoint","urlTemplate":"https:\/\/www.galerie-inna-khimich.com\/en\/?s={search_term_string}"},"query-input":{"@type":"PropertyValueSpecification","valueRequired":true,"valueName":"search_term_string"}}],"inLanguage":"en-US"},{"@type":"Organization","@id":"https:\/\/www.galerie-inna-khimich.com\/en\/#organization","name":"Galerie Inna Khimich.","url":"https:\/\/www.galerie-inna-khimich.com\/en\/","logo":{"@type":"ImageObject","inLanguage":"en-US","@id":"https:\/\/www.galerie-inna-khimich.com\/en\/#\/schema\/logo\/image\/","url":"https:\/\/www.galerie-inna-khimich.com\/wp-content\/uploads\/2023\/03\/Logo-gallerie-inna-khimich.png","contentUrl":"https:\/\/www.galerie-inna-khimich.com\/wp-content\/uploads\/2023\/03\/Logo-gallerie-inna-khimich.png","width":512,"height":196,"caption":"Galerie Inna Khimich."},"image":{"@id":"https:\/\/www.galerie-inna-khimich.com\/en\/#\/schema\/logo\/image\/"},"sameAs":["https:\/\/www.facebook.com\/people\/Galerie-Inna-Khimich\/100063467802915\/","https:\/\/www.instagram.com\/galerie_inna_khimich"]}]}},"_links":{"self":[{"href":"https:\/\/www.galerie-inna-khimich.com\/en\/wp-json\/wp\/v2\/pages\/1145","targetHints":{"allow":["GET"]}}],"collection":[{"href":"https:\/\/www.galerie-inna-khimich.com\/en\/wp-json\/wp\/v2\/pages"}],"about":[{"href":"https:\/\/www.galerie-inna-khimich.com\/en\/wp-json\/wp\/v2\/types\/page"}],"author":[{"embeddable":true,"href":"https:\/\/www.galerie-inna-khimich.com\/en\/wp-json\/wp\/v2\/users\/1"}],"replies":[{"embeddable":true,"href":"https:\/\/www.galerie-inna-khimich.com\/en\/wp-json\/wp\/v2\/comments?post=1145"}],"version-history":[{"count":1,"href":"https:\/\/www.galerie-inna-khimich.com\/en\/wp-json\/wp\/v2\/pages\/1145\/revisions"}],"predecessor-version":[{"id":1146,"href":"https:\/\/www.galerie-inna-khimich.com\/en\/wp-json\/wp\/v2\/pages\/1145\/revisions\/1146"}],"wp:attachment":[{"href":"https:\/\/www.galerie-inna-khimich.com\/en\/wp-json\/wp\/v2\/media?parent=1145"}],"curies":[{"name":"wp","href":"https:\/\/api.w.org\/{rel}","templated":true}]}}